{"id":765,"date":"2026-01-03T10:27:08","date_gmt":"2026-01-03T10:27:08","guid":{"rendered":"https:\/\/bykeishaw.com\/?post_type=product&#038;p=765"},"modified":"2026-01-03T14:25:18","modified_gmt":"2026-01-03T14:25:18","slug":"ruffle-skirt","status":"publish","type":"product","link":"https:\/\/bykeishaw.com\/?product=ruffle-skirt","title":{"rendered":"Ruffle Skirt"},"content":{"rendered":"<p><img loading=\"lazy\" decoding=\"async\" class=\"size-medium wp-image-70 aligncenter\" src=\"https:\/\/bykeishaw.com\/wp-content\/uploads\/2026\/01\/z7390150797483_a48903e9b441bd8dd3c4dee390c95938-300x300.jpg\" alt=\"\" width=\"300\" height=\"300\" srcset=\"https:\/\/bykeishaw.com\/wp-content\/uploads\/2026\/01\/z7390150797483_a48903e9b441bd8dd3c4dee390c95938-300x300.jpg 300w, https:\/\/bykeishaw.com\/wp-content\/uploads\/2026\/01\/z7390150797483_a48903e9b441bd8dd3c4dee390c95938-324x324.jpg 324w, https:\/\/bykeishaw.com\/wp-content\/uploads\/2026\/01\/z7390150797483_a48903e9b441bd8dd3c4dee390c95938-100x100.jpg 100w, https:\/\/bykeishaw.com\/wp-content\/uploads\/2026\/01\/z7390150797483_a48903e9b441bd8dd3c4dee390c95938-416x416.jpg 416w, https:\/\/bykeishaw.com\/wp-content\/uploads\/2026\/01\/z7390150797483_a48903e9b441bd8dd3c4dee390c95938-150x150.jpg 150w, https:\/\/bykeishaw.com\/wp-content\/uploads\/2026\/01\/z7390150797483_a48903e9b441bd8dd3c4dee390c95938-768x768.jpg 768w, https:\/\/bykeishaw.com\/wp-content\/uploads\/2026\/01\/z7390150797483_a48903e9b441bd8dd3c4dee390c95938.jpg 800w\" sizes=\"auto, (max-width: 300px) 100vw, 300px\" \/>Chi\u1ebfc ch\u00e2n v\u00e1y x\u00f2e nh\u00fan b\u00e8o thanh l\u1ecbch, ph\u00f9 h\u1ee3p cho phong c\u00e1ch n\u0103ng \u0111\u1ed9ng.<\/p>\n<p>* Thi\u1ebft k\u1ebf d\u00e1ng x\u00f2e ph\u1ed3ng nh\u1eb9 nh\u00e0ng, t\u1ea1o v\u1ebb ngo\u00e0i tr\u1ebb trung.<\/p>\n<p>* Chi ti\u1ebft nh\u00fan b\u00e8o tinh t\u1ebf \u1edf eo, t\u0103ng th\u00eam s\u1ef1 duy\u00ean d\u00e1ng.<\/p>\n<p>* D\u1ec5 d\u00e0ng k\u1ebft h\u1ee3p v\u1edbi nhi\u1ec1u ki\u1ec3u \u00e1o kh\u00e1c nhau t\u1eeb crop top c\u00e1 t\u00ednh \u0111\u1ebfn \u00e1o s\u01a1 mi thanh l\u1ecbch, ph\u00f9 h\u1ee3p m\u1ecdi d\u1ecbp.Tuy\u1ec7t v\u1eddi cho d\u1ea1o ph\u1ed1 ho\u1eb7c c\u00e1c bu\u1ed5i h\u1eb9n h\u00f2.V\u00e1y n\u00e0y mang \u0111\u1ebfn v\u1ebb ngo\u00e0i tho\u1ea3i m\u00e1i, ph\u00f9 h\u1ee3p m\u1ecdi phong c\u00e1ch.S\u1ea3n ph\u1ea9m ho\u00e0n h\u1ea3o cho nh\u1eefng ai y\u00eau th\u00edch s\u1ef1 tr\u1ebb trung v\u00e0 thanh l\u1ecbch.<\/p>\n","protected":false},"excerpt":{"rendered":"<p><em>Ch\u01b0a bi\u1ebft ch\u1ecdn size? Xem b\u1ea3ng size b\u00ean d\u01b0\u1edbi nh\u00e9<\/em><\/p>\n","protected":false},"featured_media":778,"comment_status":"open","ping_status":"closed","template":"","meta":[],"product_brand":[17],"product_cat":[48],"product_tag":[50,49,51],"class_list":{"0":"post-765","1":"product","2":"type-product","3":"status-publish","4":"has-post-thumbnail","6":"product_brand-bykeishaw","7":"product_cat-vay","8":"product_tag-vay-bi","9":"product_tag-vay-ngan","10":"product_tag-vay-nu","12":"first","13":"instock","14":"sale","15":"purchasable","16":"product-type-variable"},"_links":{"self":[{"href":"https:\/\/bykeishaw.com\/index.php?rest_route=\/wp\/v2\/product\/765","targetHints":{"allow":["GET"]}}],"collection":[{"href":"https:\/\/bykeishaw.com\/index.php?rest_route=\/wp\/v2\/product"}],"about":[{"href":"https:\/\/bykeishaw.com\/index.php?rest_route=\/wp\/v2\/types\/product"}],"replies":[{"embeddable":true,"href":"https:\/\/bykeishaw.com\/index.php?rest_route=%2Fwp%2Fv2%2Fcomments&post=765"}],"wp:featuredmedia":[{"embeddable":true,"href":"https:\/\/bykeishaw.com\/index.php?rest_route=\/wp\/v2\/media\/778"}],"wp:attachment":[{"href":"https:\/\/bykeishaw.com\/index.php?rest_route=%2Fwp%2Fv2%2Fmedia&parent=765"}],"wp:term":[{"taxonomy":"product_brand","embeddable":true,"href":"https:\/\/bykeishaw.com\/index.php?rest_route=%2Fwp%2Fv2%2Fproduct_brand&post=765"},{"taxonomy":"product_cat","embeddable":true,"href":"https:\/\/bykeishaw.com\/index.php?rest_route=%2Fwp%2Fv2%2Fproduct_cat&post=765"},{"taxonomy":"product_tag","embeddable":true,"href":"https:\/\/bykeishaw.com\/index.php?rest_route=%2Fwp%2Fv2%2Fproduct_tag&post=765"}],"curies":[{"name":"wp","href":"https:\/\/api.w.org\/{rel}","templated":true}]}}