{"id":739,"date":"2026-01-03T10:03:03","date_gmt":"2026-01-03T10:03:03","guid":{"rendered":"https:\/\/bykeishaw.com\/?post_type=product&#038;p=739"},"modified":"2026-01-03T14:27:45","modified_gmt":"2026-01-03T14:27:45","slug":"rouge-muse","status":"publish","type":"product","link":"https:\/\/bykeishaw.com\/?product=rouge-muse","title":{"rendered":"Rouge Muse"},"content":{"rendered":"<p><img loading=\"lazy\" decoding=\"async\" class=\"size-medium wp-image-70 aligncenter\" src=\"https:\/\/bykeishaw.com\/wp-content\/uploads\/2026\/01\/z7390150797483_a48903e9b441bd8dd3c4dee390c95938-300x300.jpg\" alt=\"\" width=\"300\" height=\"300\" srcset=\"https:\/\/bykeishaw.com\/wp-content\/uploads\/2026\/01\/z7390150797483_a48903e9b441bd8dd3c4dee390c95938-300x300.jpg 300w, https:\/\/bykeishaw.com\/wp-content\/uploads\/2026\/01\/z7390150797483_a48903e9b441bd8dd3c4dee390c95938-324x324.jpg 324w, https:\/\/bykeishaw.com\/wp-content\/uploads\/2026\/01\/z7390150797483_a48903e9b441bd8dd3c4dee390c95938-100x100.jpg 100w, https:\/\/bykeishaw.com\/wp-content\/uploads\/2026\/01\/z7390150797483_a48903e9b441bd8dd3c4dee390c95938-416x416.jpg 416w, https:\/\/bykeishaw.com\/wp-content\/uploads\/2026\/01\/z7390150797483_a48903e9b441bd8dd3c4dee390c95938-150x150.jpg 150w, https:\/\/bykeishaw.com\/wp-content\/uploads\/2026\/01\/z7390150797483_a48903e9b441bd8dd3c4dee390c95938-768x768.jpg 768w, https:\/\/bykeishaw.com\/wp-content\/uploads\/2026\/01\/z7390150797483_a48903e9b441bd8dd3c4dee390c95938.jpg 800w\" sizes=\"auto, (max-width: 300px) 100vw, 300px\" \/>Chi\u1ebfc \u00e1o n\u1ed5i b\u1eadt v\u1edbi thi\u1ebft k\u1ebf tay ph\u1ed3ng nh\u1eb9 v\u00e0 chi ti\u1ebft n\u01a1 tr\u01b0\u1edbc ng\u1ef1c duy\u00ean d\u00e1ng. Form \u00f4m t\u00f4n d\u00e1ng, ch\u1ea5t v\u1ea3i co gi\u00e3n m\u1ecbn m\u00e1t, c\u1ef1c k\u1ef3 tho\u1ea3i m\u00e1i khi m\u1eb7c. Ph\u1ed1i d\u1ec5 v\u1edbi ch\u00e2n v\u00e1y, qu\u1ea7n jeans hay short \u0111\u1ec1u xinh.<\/p>\n","protected":false},"excerpt":{"rendered":"<p><em>Ch\u01b0a bi\u1ebft ch\u1ecdn size? Xem b\u1ea3ng size b\u00ean d\u01b0\u1edbi nh\u00e9<\/em><\/p>\n","protected":false},"featured_media":744,"comment_status":"open","ping_status":"closed","template":"","meta":[],"product_brand":[17],"product_cat":[46,16],"product_tag":[41,18,43,20],"class_list":{"0":"post-739","1":"product","2":"type-product","3":"status-publish","4":"has-post-thumbnail","6":"product_brand-bykeishaw","7":"product_cat-ao","8":"product_cat-ao-kieu","9":"product_tag-ao","10":"product_tag-ao-kieu","11":"product_tag-ao-nu","12":"product_tag-basic","14":"first","15":"instock","16":"sale","17":"purchasable","18":"product-type-variable"},"_links":{"self":[{"href":"https:\/\/bykeishaw.com\/index.php?rest_route=\/wp\/v2\/product\/739","targetHints":{"allow":["GET"]}}],"collection":[{"href":"https:\/\/bykeishaw.com\/index.php?rest_route=\/wp\/v2\/product"}],"about":[{"href":"https:\/\/bykeishaw.com\/index.php?rest_route=\/wp\/v2\/types\/product"}],"replies":[{"embeddable":true,"href":"https:\/\/bykeishaw.com\/index.php?rest_route=%2Fwp%2Fv2%2Fcomments&post=739"}],"wp:featuredmedia":[{"embeddable":true,"href":"https:\/\/bykeishaw.com\/index.php?rest_route=\/wp\/v2\/media\/744"}],"wp:attachment":[{"href":"https:\/\/bykeishaw.com\/index.php?rest_route=%2Fwp%2Fv2%2Fmedia&parent=739"}],"wp:term":[{"taxonomy":"product_brand","embeddable":true,"href":"https:\/\/bykeishaw.com\/index.php?rest_route=%2Fwp%2Fv2%2Fproduct_brand&post=739"},{"taxonomy":"product_cat","embeddable":true,"href":"https:\/\/bykeishaw.com\/index.php?rest_route=%2Fwp%2Fv2%2Fproduct_cat&post=739"},{"taxonomy":"product_tag","embeddable":true,"href":"https:\/\/bykeishaw.com\/index.php?rest_route=%2Fwp%2Fv2%2Fproduct_tag&post=739"}],"curies":[{"name":"wp","href":"https:\/\/api.w.org\/{rel}","templated":true}]}}