{"id":715,"date":"2026-01-03T09:50:22","date_gmt":"2026-01-03T09:50:22","guid":{"rendered":"https:\/\/bykeishaw.com\/?post_type=product&#038;p=715"},"modified":"2026-01-03T14:19:38","modified_gmt":"2026-01-03T14:19:38","slug":"scarlet-flame","status":"publish","type":"product","link":"https:\/\/bykeishaw.com\/?product=scarlet-flame","title":{"rendered":"Scarlet Flame"},"content":{"rendered":"<p><img loading=\"lazy\" decoding=\"async\" class=\"size-medium wp-image-70 aligncenter\" src=\"https:\/\/bykeishaw.com\/wp-content\/uploads\/2026\/01\/z7390150797483_a48903e9b441bd8dd3c4dee390c95938-300x300.jpg\" alt=\"\" width=\"300\" height=\"300\" srcset=\"https:\/\/bykeishaw.com\/wp-content\/uploads\/2026\/01\/z7390150797483_a48903e9b441bd8dd3c4dee390c95938-300x300.jpg 300w, https:\/\/bykeishaw.com\/wp-content\/uploads\/2026\/01\/z7390150797483_a48903e9b441bd8dd3c4dee390c95938-324x324.jpg 324w, https:\/\/bykeishaw.com\/wp-content\/uploads\/2026\/01\/z7390150797483_a48903e9b441bd8dd3c4dee390c95938-100x100.jpg 100w, https:\/\/bykeishaw.com\/wp-content\/uploads\/2026\/01\/z7390150797483_a48903e9b441bd8dd3c4dee390c95938-416x416.jpg 416w, https:\/\/bykeishaw.com\/wp-content\/uploads\/2026\/01\/z7390150797483_a48903e9b441bd8dd3c4dee390c95938-150x150.jpg 150w, https:\/\/bykeishaw.com\/wp-content\/uploads\/2026\/01\/z7390150797483_a48903e9b441bd8dd3c4dee390c95938-768x768.jpg 768w, https:\/\/bykeishaw.com\/wp-content\/uploads\/2026\/01\/z7390150797483_a48903e9b441bd8dd3c4dee390c95938.jpg 800w\" sizes=\"auto, (max-width: 300px) 100vw, 300px\" \/>\u00c1o thun n\u00e0y l\u00e0 m\u1ed9t s\u1ea3n ph\u1ea9m thi\u1ebft k\u1ebf \u0111\u1eb9p, gi\u00fap ng\u01b0\u1eddi m\u1eb7c tr\u00f4ng th\u1eddi trang v\u00e0 thu h\u00fat h\u01a1n. V\u1edbi ki\u1ec3u d\u00e1ng \u00f4m body, \u00e1o thun n\u00e0y gi\u00fap t\u00f4n l\u00ean v\u00f3c d\u00e1ng c\u1ee7a ng\u01b0\u1eddi m\u1eb7c, gi\u00fap h\u1ecd tr\u00f4ng thon g\u1ecdn h\u01a1n.<\/p>\n","protected":false},"excerpt":{"rendered":"<p><em>Ch\u01b0a bi\u1ebft ch\u1ecdn size? Xem b\u1ea3ng size b\u00ean d\u01b0\u1edbi nh\u00e9<\/em><\/p>\n","protected":false},"featured_media":720,"comment_status":"open","ping_status":"closed","template":"","meta":[],"product_brand":[17],"product_cat":[46,16],"product_tag":[41,43,20],"class_list":{"0":"post-715","1":"product","2":"type-product","3":"status-publish","4":"has-post-thumbnail","6":"product_brand-bykeishaw","7":"product_cat-ao","8":"product_cat-ao-kieu","9":"product_tag-ao","10":"product_tag-ao-nu","11":"product_tag-basic","13":"first","14":"instock","15":"sale","16":"purchasable","17":"product-type-variable"},"_links":{"self":[{"href":"https:\/\/bykeishaw.com\/index.php?rest_route=\/wp\/v2\/product\/715","targetHints":{"allow":["GET"]}}],"collection":[{"href":"https:\/\/bykeishaw.com\/index.php?rest_route=\/wp\/v2\/product"}],"about":[{"href":"https:\/\/bykeishaw.com\/index.php?rest_route=\/wp\/v2\/types\/product"}],"replies":[{"embeddable":true,"href":"https:\/\/bykeishaw.com\/index.php?rest_route=%2Fwp%2Fv2%2Fcomments&post=715"}],"wp:featuredmedia":[{"embeddable":true,"href":"https:\/\/bykeishaw.com\/index.php?rest_route=\/wp\/v2\/media\/720"}],"wp:attachment":[{"href":"https:\/\/bykeishaw.com\/index.php?rest_route=%2Fwp%2Fv2%2Fmedia&parent=715"}],"wp:term":[{"taxonomy":"product_brand","embeddable":true,"href":"https:\/\/bykeishaw.com\/index.php?rest_route=%2Fwp%2Fv2%2Fproduct_brand&post=715"},{"taxonomy":"product_cat","embeddable":true,"href":"https:\/\/bykeishaw.com\/index.php?rest_route=%2Fwp%2Fv2%2Fproduct_cat&post=715"},{"taxonomy":"product_tag","embeddable":true,"href":"https:\/\/bykeishaw.com\/index.php?rest_route=%2Fwp%2Fv2%2Fproduct_tag&post=715"}],"curies":[{"name":"wp","href":"https:\/\/api.w.org\/{rel}","templated":true}]}}