{"id":703,"date":"2026-01-03T09:46:56","date_gmt":"2026-01-03T09:46:56","guid":{"rendered":"https:\/\/bykeishaw.com\/?post_type=product&#038;p=703"},"modified":"2026-01-03T14:29:25","modified_gmt":"2026-01-03T14:29:25","slug":"blue-picnic","status":"publish","type":"product","link":"https:\/\/bykeishaw.com\/?product=blue-picnic","title":{"rendered":"Blue Picnic"},"content":{"rendered":"<p><img loading=\"lazy\" decoding=\"async\" class=\"size-medium wp-image-70 aligncenter\" src=\"https:\/\/bykeishaw.com\/wp-content\/uploads\/2026\/01\/z7390150797483_a48903e9b441bd8dd3c4dee390c95938-300x300.jpg\" alt=\"\" width=\"300\" height=\"300\" srcset=\"https:\/\/bykeishaw.com\/wp-content\/uploads\/2026\/01\/z7390150797483_a48903e9b441bd8dd3c4dee390c95938-300x300.jpg 300w, https:\/\/bykeishaw.com\/wp-content\/uploads\/2026\/01\/z7390150797483_a48903e9b441bd8dd3c4dee390c95938-324x324.jpg 324w, https:\/\/bykeishaw.com\/wp-content\/uploads\/2026\/01\/z7390150797483_a48903e9b441bd8dd3c4dee390c95938-100x100.jpg 100w, https:\/\/bykeishaw.com\/wp-content\/uploads\/2026\/01\/z7390150797483_a48903e9b441bd8dd3c4dee390c95938-416x416.jpg 416w, https:\/\/bykeishaw.com\/wp-content\/uploads\/2026\/01\/z7390150797483_a48903e9b441bd8dd3c4dee390c95938-150x150.jpg 150w, https:\/\/bykeishaw.com\/wp-content\/uploads\/2026\/01\/z7390150797483_a48903e9b441bd8dd3c4dee390c95938-768x768.jpg 768w, https:\/\/bykeishaw.com\/wp-content\/uploads\/2026\/01\/z7390150797483_a48903e9b441bd8dd3c4dee390c95938.jpg 800w\" sizes=\"auto, (max-width: 300px) 100vw, 300px\" \/>\u00c1o babydoll tay ph\u1ed3ng, k\u1ebb caro th\u1eddi th\u01b0\u1ee3ng, t\u1ea1o phong c\u00e1ch ri\u00eang. \u00d4m body t\u00f4n d\u00e1ng, gi\u00fap b\u1ea1n t\u1ef1 tin h\u01a1n. Ki\u1ec3u d\u00e1ng n\u00e0y kh\u00f4ng ch\u1ec9 l\u00e0 m\u1ed9t m\u00f3n \u0111\u1ed3 m\u1eb7c m\u00e0 c\u00f2n l\u00e0 bi\u1ec3u t\u01b0\u1ee3ng c\u1ee7a s\u1ef1 c\u00e1 t\u00ednh v\u00e0 th\u1eddi trang.<\/p>\n","protected":false},"excerpt":{"rendered":"<p><em>Ch\u01b0a bi\u1ebft ch\u1ecdn size? Xem b\u1ea3ng size b\u00ean d\u01b0\u1edbi nh\u00e9<\/em><\/p>\n","protected":false},"featured_media":712,"comment_status":"open","ping_status":"closed","template":"","meta":[],"product_brand":[17],"product_cat":[46,40],"product_tag":[41,18,42],"class_list":{"0":"post-703","1":"product","2":"type-product","3":"status-publish","4":"has-post-thumbnail","6":"product_brand-bykeishaw","7":"product_cat-ao","8":"product_cat-babydoll","9":"product_tag-ao","10":"product_tag-ao-kieu","11":"product_tag-babydoll","13":"first","14":"instock","15":"sale","16":"purchasable","17":"product-type-variable"},"_links":{"self":[{"href":"https:\/\/bykeishaw.com\/index.php?rest_route=\/wp\/v2\/product\/703","targetHints":{"allow":["GET"]}}],"collection":[{"href":"https:\/\/bykeishaw.com\/index.php?rest_route=\/wp\/v2\/product"}],"about":[{"href":"https:\/\/bykeishaw.com\/index.php?rest_route=\/wp\/v2\/types\/product"}],"replies":[{"embeddable":true,"href":"https:\/\/bykeishaw.com\/index.php?rest_route=%2Fwp%2Fv2%2Fcomments&post=703"}],"wp:featuredmedia":[{"embeddable":true,"href":"https:\/\/bykeishaw.com\/index.php?rest_route=\/wp\/v2\/media\/712"}],"wp:attachment":[{"href":"https:\/\/bykeishaw.com\/index.php?rest_route=%2Fwp%2Fv2%2Fmedia&parent=703"}],"wp:term":[{"taxonomy":"product_brand","embeddable":true,"href":"https:\/\/bykeishaw.com\/index.php?rest_route=%2Fwp%2Fv2%2Fproduct_brand&post=703"},{"taxonomy":"product_cat","embeddable":true,"href":"https:\/\/bykeishaw.com\/index.php?rest_route=%2Fwp%2Fv2%2Fproduct_cat&post=703"},{"taxonomy":"product_tag","embeddable":true,"href":"https:\/\/bykeishaw.com\/index.php?rest_route=%2Fwp%2Fv2%2Fproduct_tag&post=703"}],"curies":[{"name":"wp","href":"https:\/\/api.w.org\/{rel}","templated":true}]}}