{"id":686,"date":"2026-01-03T09:41:02","date_gmt":"2026-01-03T09:41:02","guid":{"rendered":"https:\/\/bykeishaw.com\/?post_type=product&#038;p=686"},"modified":"2026-01-03T14:30:00","modified_gmt":"2026-01-03T14:30:00","slug":"cherry-on-top","status":"publish","type":"product","link":"https:\/\/bykeishaw.com\/?product=cherry-on-top","title":{"rendered":"Cherry On Top"},"content":{"rendered":"<p><img loading=\"lazy\" decoding=\"async\" class=\"size-medium wp-image-70 aligncenter\" src=\"https:\/\/bykeishaw.com\/wp-content\/uploads\/2026\/01\/z7390150797483_a48903e9b441bd8dd3c4dee390c95938-300x300.jpg\" alt=\"\" width=\"300\" height=\"300\" srcset=\"https:\/\/bykeishaw.com\/wp-content\/uploads\/2026\/01\/z7390150797483_a48903e9b441bd8dd3c4dee390c95938-300x300.jpg 300w, https:\/\/bykeishaw.com\/wp-content\/uploads\/2026\/01\/z7390150797483_a48903e9b441bd8dd3c4dee390c95938-324x324.jpg 324w, https:\/\/bykeishaw.com\/wp-content\/uploads\/2026\/01\/z7390150797483_a48903e9b441bd8dd3c4dee390c95938-100x100.jpg 100w, https:\/\/bykeishaw.com\/wp-content\/uploads\/2026\/01\/z7390150797483_a48903e9b441bd8dd3c4dee390c95938-416x416.jpg 416w, https:\/\/bykeishaw.com\/wp-content\/uploads\/2026\/01\/z7390150797483_a48903e9b441bd8dd3c4dee390c95938-150x150.jpg 150w, https:\/\/bykeishaw.com\/wp-content\/uploads\/2026\/01\/z7390150797483_a48903e9b441bd8dd3c4dee390c95938-768x768.jpg 768w, https:\/\/bykeishaw.com\/wp-content\/uploads\/2026\/01\/z7390150797483_a48903e9b441bd8dd3c4dee390c95938.jpg 800w\" sizes=\"auto, (max-width: 300px) 100vw, 300px\" \/>Thi\u1ebft k\u1ebf babydoll nh\u1eb9 nh\u00e0ng v\u1edbi form su\u00f4ng d\u1ec5 m\u1eb7c, ph\u1ea7n eo r\u00fat d\u00e2y gi\u00fap t\u00f4n<\/p>\n<p>d\u00e1ng, che khuy\u1ebft \u0111i\u1ec3m c\u1ef1c \u0111\u1ec9nh. H\u1ecda ti\u1ebft cherry si\u00eau d\u1ec5 th\u01b0\u01a1ng ph\u1ed1i c\u00f9ng s\u1ecdc<\/p>\n<p>v\u00e0ng pastel t\u01b0\u01a1i s\u00e1ng, c\u1ef1c h\u1ee3p cho m\u00f9a h\u00e8 n\u0103ng \u0111\u1ed9ng!<\/p>\n","protected":false},"excerpt":{"rendered":"<p><em>Ch\u01b0a bi\u1ebft ch\u1ecdn size? Xem b\u1ea3ng size b\u00ean d\u01b0\u1edbi nh\u00e9<\/em><\/p>\n","protected":false},"featured_media":702,"comment_status":"open","ping_status":"closed","template":"","meta":[],"product_brand":[17],"product_cat":[46,40],"product_tag":[41,43,42],"class_list":{"0":"post-686","1":"product","2":"type-product","3":"status-publish","4":"has-post-thumbnail","6":"product_brand-bykeishaw","7":"product_cat-ao","8":"product_cat-babydoll","9":"product_tag-ao","10":"product_tag-ao-nu","11":"product_tag-babydoll","13":"first","14":"outofstock","15":"sale","16":"purchasable","17":"product-type-variable"},"_links":{"self":[{"href":"https:\/\/bykeishaw.com\/index.php?rest_route=\/wp\/v2\/product\/686","targetHints":{"allow":["GET"]}}],"collection":[{"href":"https:\/\/bykeishaw.com\/index.php?rest_route=\/wp\/v2\/product"}],"about":[{"href":"https:\/\/bykeishaw.com\/index.php?rest_route=\/wp\/v2\/types\/product"}],"replies":[{"embeddable":true,"href":"https:\/\/bykeishaw.com\/index.php?rest_route=%2Fwp%2Fv2%2Fcomments&post=686"}],"wp:featuredmedia":[{"embeddable":true,"href":"https:\/\/bykeishaw.com\/index.php?rest_route=\/wp\/v2\/media\/702"}],"wp:attachment":[{"href":"https:\/\/bykeishaw.com\/index.php?rest_route=%2Fwp%2Fv2%2Fmedia&parent=686"}],"wp:term":[{"taxonomy":"product_brand","embeddable":true,"href":"https:\/\/bykeishaw.com\/index.php?rest_route=%2Fwp%2Fv2%2Fproduct_brand&post=686"},{"taxonomy":"product_cat","embeddable":true,"href":"https:\/\/bykeishaw.com\/index.php?rest_route=%2Fwp%2Fv2%2Fproduct_cat&post=686"},{"taxonomy":"product_tag","embeddable":true,"href":"https:\/\/bykeishaw.com\/index.php?rest_route=%2Fwp%2Fv2%2Fproduct_tag&post=686"}],"curies":[{"name":"wp","href":"https:\/\/api.w.org\/{rel}","templated":true}]}}