{"id":581,"date":"2026-01-02T16:28:15","date_gmt":"2026-01-02T16:28:15","guid":{"rendered":"https:\/\/bykeishaw.com\/?post_type=product&#038;p=581"},"modified":"2026-01-03T14:38:32","modified_gmt":"2026-01-03T14:38:32","slug":"noir-rouge-top","status":"publish","type":"product","link":"https:\/\/bykeishaw.com\/?product=noir-rouge-top","title":{"rendered":"Noir Rouge Top"},"content":{"rendered":"<p><img loading=\"lazy\" decoding=\"async\" class=\"size-medium wp-image-70 aligncenter\" src=\"https:\/\/bykeishaw.com\/wp-content\/uploads\/2026\/01\/z7390150797483_a48903e9b441bd8dd3c4dee390c95938-300x300.jpg\" alt=\"\" width=\"300\" height=\"300\" srcset=\"https:\/\/bykeishaw.com\/wp-content\/uploads\/2026\/01\/z7390150797483_a48903e9b441bd8dd3c4dee390c95938-300x300.jpg 300w, https:\/\/bykeishaw.com\/wp-content\/uploads\/2026\/01\/z7390150797483_a48903e9b441bd8dd3c4dee390c95938-324x324.jpg 324w, https:\/\/bykeishaw.com\/wp-content\/uploads\/2026\/01\/z7390150797483_a48903e9b441bd8dd3c4dee390c95938-100x100.jpg 100w, https:\/\/bykeishaw.com\/wp-content\/uploads\/2026\/01\/z7390150797483_a48903e9b441bd8dd3c4dee390c95938-416x416.jpg 416w, https:\/\/bykeishaw.com\/wp-content\/uploads\/2026\/01\/z7390150797483_a48903e9b441bd8dd3c4dee390c95938-150x150.jpg 150w, https:\/\/bykeishaw.com\/wp-content\/uploads\/2026\/01\/z7390150797483_a48903e9b441bd8dd3c4dee390c95938-768x768.jpg 768w, https:\/\/bykeishaw.com\/wp-content\/uploads\/2026\/01\/z7390150797483_a48903e9b441bd8dd3c4dee390c95938.jpg 800w\" sizes=\"auto, (max-width: 300px) 100vw, 300px\" \/>Noir Rouge Top l\u00e0 thi\u1ebft k\u1ebf mang s\u1eafc th\u00e1i c\u1ed5 \u0111i\u1ec3n pha l\u1eabn c\u00e1 t\u00ednh, l\u1ea5y c\u1ea3m h\u1ee9ng t\u1eeb v\u1ebb \u0111\u1eb9p \u00c1 \u0110\u00f4ng hi\u1ec7n \u0111\u1ea1i \u2013 t\u1ed1i gi\u1ea3n nh\u01b0ng \u0111\u1ea7y \u0111i\u1ec3m nh\u1ea5n. Phom \u00e1o \u00f4m v\u1eeba, \u0111\u01b0\u1ee3c c\u1eaft may g\u1ecdn g\u00e0ng \u0111\u1ec3 t\u00f4n d\u00e1ng m\u00e0 v\u1eabn \u0111\u1ea3m b\u1ea3o s\u1ef1 tho\u1ea3i m\u00e1i khi m\u1eb7c.<\/p>\n","protected":false},"excerpt":{"rendered":"<p><em>Ch\u01b0a bi\u1ebft ch\u1ecdn size? Xem b\u1ea3ng size b\u00ean d\u01b0\u1edbi nh\u00e9<\/em><\/p>\n","protected":false},"featured_media":592,"comment_status":"open","ping_status":"closed","template":"","meta":[],"product_brand":[17],"product_cat":[16],"product_tag":[18,21],"class_list":{"0":"post-581","1":"product","2":"type-product","3":"status-publish","4":"has-post-thumbnail","6":"product_brand-bykeishaw","7":"product_cat-ao-kieu","8":"product_tag-ao-kieu","9":"product_tag-nu","11":"first","12":"instock","13":"sale","14":"purchasable","15":"product-type-variable"},"_links":{"self":[{"href":"https:\/\/bykeishaw.com\/index.php?rest_route=\/wp\/v2\/product\/581","targetHints":{"allow":["GET"]}}],"collection":[{"href":"https:\/\/bykeishaw.com\/index.php?rest_route=\/wp\/v2\/product"}],"about":[{"href":"https:\/\/bykeishaw.com\/index.php?rest_route=\/wp\/v2\/types\/product"}],"replies":[{"embeddable":true,"href":"https:\/\/bykeishaw.com\/index.php?rest_route=%2Fwp%2Fv2%2Fcomments&post=581"}],"wp:featuredmedia":[{"embeddable":true,"href":"https:\/\/bykeishaw.com\/index.php?rest_route=\/wp\/v2\/media\/592"}],"wp:attachment":[{"href":"https:\/\/bykeishaw.com\/index.php?rest_route=%2Fwp%2Fv2%2Fmedia&parent=581"}],"wp:term":[{"taxonomy":"product_brand","embeddable":true,"href":"https:\/\/bykeishaw.com\/index.php?rest_route=%2Fwp%2Fv2%2Fproduct_brand&post=581"},{"taxonomy":"product_cat","embeddable":true,"href":"https:\/\/bykeishaw.com\/index.php?rest_route=%2Fwp%2Fv2%2Fproduct_cat&post=581"},{"taxonomy":"product_tag","embeddable":true,"href":"https:\/\/bykeishaw.com\/index.php?rest_route=%2Fwp%2Fv2%2Fproduct_tag&post=581"}],"curies":[{"name":"wp","href":"https:\/\/api.w.org\/{rel}","templated":true}]}}