{"id":969,"date":"2026-01-04T08:40:43","date_gmt":"2026-01-04T08:40:43","guid":{"rendered":"https:\/\/bykeishaw.com\/?page_id=969"},"modified":"2026-01-04T10:57:18","modified_gmt":"2026-01-04T10:57:18","slug":"best-seller","status":"publish","type":"page","link":"https:\/\/bykeishaw.com\/?page_id=969","title":{"rendered":"BEST SELLER"},"content":{"rendered":"<div class=\"wp-block-image\">\n<figure class=\"aligncenter size-large\"><img loading=\"lazy\" decoding=\"async\" width=\"1024\" height=\"682\" src=\"https:\/\/bykeishaw.com\/wp-content\/uploads\/2026\/01\/z7396122480696_cdb6359ceb408474b2bc5b1e90624e47-1024x682.jpg\" alt=\"\" class=\"wp-image-970\" srcset=\"https:\/\/bykeishaw.com\/wp-content\/uploads\/2026\/01\/z7396122480696_cdb6359ceb408474b2bc5b1e90624e47-1024x682.jpg 1024w, https:\/\/bykeishaw.com\/wp-content\/uploads\/2026\/01\/z7396122480696_cdb6359ceb408474b2bc5b1e90624e47-300x200.jpg 300w, https:\/\/bykeishaw.com\/wp-content\/uploads\/2026\/01\/z7396122480696_cdb6359ceb408474b2bc5b1e90624e47-768x512.jpg 768w, https:\/\/bykeishaw.com\/wp-content\/uploads\/2026\/01\/z7396122480696_cdb6359ceb408474b2bc5b1e90624e47-416x277.jpg 416w, https:\/\/bykeishaw.com\/wp-content\/uploads\/2026\/01\/z7396122480696_cdb6359ceb408474b2bc5b1e90624e47.jpg 1280w\" sizes=\"auto, (max-width: 1024px) 100vw, 1024px\" \/><\/figure>\n<\/div>\n\n\n<div class=\"wp-block-media-text is-stacked-on-mobile\"><figure class=\"wp-block-media-text__media\"><img loading=\"lazy\" decoding=\"async\" width=\"682\" height=\"1024\" src=\"https:\/\/bykeishaw.com\/wp-content\/uploads\/2026\/01\/z7396145172685_2c128c61e5b2c494c9c1df4da84452c0-682x1024.jpg\" alt=\"\" class=\"wp-image-973 size-full\" srcset=\"https:\/\/bykeishaw.com\/wp-content\/uploads\/2026\/01\/z7396145172685_2c128c61e5b2c494c9c1df4da84452c0-682x1024.jpg 682w, https:\/\/bykeishaw.com\/wp-content\/uploads\/2026\/01\/z7396145172685_2c128c61e5b2c494c9c1df4da84452c0-200x300.jpg 200w, https:\/\/bykeishaw.com\/wp-content\/uploads\/2026\/01\/z7396145172685_2c128c61e5b2c494c9c1df4da84452c0-768x1152.jpg 768w, https:\/\/bykeishaw.com\/wp-content\/uploads\/2026\/01\/z7396145172685_2c128c61e5b2c494c9c1df4da84452c0-416x624.jpg 416w, https:\/\/bykeishaw.com\/wp-content\/uploads\/2026\/01\/z7396145172685_2c128c61e5b2c494c9c1df4da84452c0.jpg 853w\" sizes=\"auto, (max-width: 682px) 100vw, 682px\" \/><\/figure><div class=\"wp-block-media-text__content\">\n<p><em><sub> Thi\u1ebft k\u1ebf c\u1ed5 vu\u00f4ng nh\u1eb9 ph\u1ed1i tay ph\u1ed3ng ng\u1eafn gi\u00fap c\u00e2n \u0111\u1ed1i ph\u1ea7n vai v\u00e0 t\u1ea1o \u0111i\u1ec3m nh\u1ea5n thanh l\u1ecbch cho th\u00e2n tr\u00ean. Ph\u1ea7n th\u00e2n \u00e1o \u00f4m v\u1eeba, x\u1eed l\u00fd kh\u00e9o l\u00e9o \u0111\u1ec3 t\u00f4n v\u00f2ng eo v\u00e0 \u0111\u01b0\u1eddng cong t\u1ef1 nhi\u00ean m\u00e0 kh\u00f4ng g\u00e2y g\u00f2 b\u00f3. \u0110i\u1ec3m nh\u1ea5n n\u1ed5i b\u1eadt n\u1eb1m \u1edf m\u1ea3ng caro nh\u00fan tr\u01b0\u1edbc ng\u1ef1c, k\u1ebft h\u1ee3p d\u00e2y r\u00fat \u0111i\u1ec1u ch\u1ec9nh, g\u1ee3i li\u00ean t\u01b0\u1edfng \u0111\u1ebfn corset c\u1ed5 \u0111i\u1ec3n nh\u01b0ng \u0111\u01b0\u1ee3c tinh gi\u1ea3n \u0111\u1ec3 ph\u00f9 h\u1ee3p v\u1edbi phong c\u00e1ch hi\u1ec7n \u0111\u1ea1i.<\/sub><\/em><\/p>\n\n\n\n<div class=\"wp-block-buttons is-layout-flex wp-block-buttons-is-layout-flex\">\n<div class=\"wp-block-button\"><a class=\"wp-block-button__link wp-element-button\" href=\"https:\/\/bykeishaw.com\/?product=croset-caro\">BYKEISHAW | CROSET CARO<\/a><\/div>\n<\/div>\n<\/div><\/div>\n\n\n\n<div class=\"wp-block-media-text has-media-on-the-right is-stacked-on-mobile\"><div class=\"wp-block-media-text__content\">\n<p><em><sub>Ch\u1ea5t li\u1ec7u v\u1ea3i cotton cao c\u1ea5p, co gi\u00e3n t\u1ed1t, \u00f4m d\u00e1ng nh\u01b0ng kh\u00f4ng g\u00f2 b\u00f3, gi\u00fap \u00e1o gi\u1eef form \u0111\u1eb9p v\u00e0 t\u00f4n \u0111\u01b0\u1eddng cong t\u1ef1 nhi\u00ean. B\u1ea3ng m\u00e0u \u0111en \u2013 \u0111\u1ecf tr\u1ea7m mang chi\u1ec1u s\u00e2u, d\u1ec5 ph\u1ed1i \u0111\u1ed3, ph\u00f9 h\u1ee3p cho c\u1ea3 phong c\u00e1ch thanh l\u1ecbch l\u1eabn c\u00e1 t\u00ednh.<\/sub><\/em><\/p>\n\n\n\n<div class=\"wp-block-buttons is-layout-flex wp-block-buttons-is-layout-flex\">\n<div class=\"wp-block-button\"><a class=\"wp-block-button__link wp-element-button\" href=\"https:\/\/bykeishaw.com\/?product=noir-rouge-top\">BYKEISHAW | NOIR ROUGE TOP<\/a><\/div>\n<\/div>\n<\/div><figure class=\"wp-block-media-text__media\"><img loading=\"lazy\" decoding=\"async\" width=\"768\" height=\"1024\" src=\"https:\/\/bykeishaw.com\/wp-content\/uploads\/2026\/01\/z7396194350852_dce8ab5b24f7bdc1c6ba31d0cb118dbb-768x1024.jpg\" alt=\"\" class=\"wp-image-976 size-full\" srcset=\"https:\/\/bykeishaw.com\/wp-content\/uploads\/2026\/01\/z7396194350852_dce8ab5b24f7bdc1c6ba31d0cb118dbb-768x1024.jpg 768w, https:\/\/bykeishaw.com\/wp-content\/uploads\/2026\/01\/z7396194350852_dce8ab5b24f7bdc1c6ba31d0cb118dbb-225x300.jpg 225w, https:\/\/bykeishaw.com\/wp-content\/uploads\/2026\/01\/z7396194350852_dce8ab5b24f7bdc1c6ba31d0cb118dbb-416x555.jpg 416w, https:\/\/bykeishaw.com\/wp-content\/uploads\/2026\/01\/z7396194350852_dce8ab5b24f7bdc1c6ba31d0cb118dbb.jpg 960w\" sizes=\"auto, (max-width: 768px) 100vw, 768px\" \/><\/figure><\/div>\n\n\n\n<div class=\"wp-block-media-text is-stacked-on-mobile\"><figure class=\"wp-block-media-text__media\"><img loading=\"lazy\" decoding=\"async\" width=\"683\" height=\"1024\" src=\"https:\/\/bykeishaw.com\/wp-content\/uploads\/2026\/01\/z7396293984171_23e1e3bb087b1a2c980aff4db22d3e49-683x1024.jpg\" alt=\"\" class=\"wp-image-977 size-full\" srcset=\"https:\/\/bykeishaw.com\/wp-content\/uploads\/2026\/01\/z7396293984171_23e1e3bb087b1a2c980aff4db22d3e49-683x1024.jpg 683w, https:\/\/bykeishaw.com\/wp-content\/uploads\/2026\/01\/z7396293984171_23e1e3bb087b1a2c980aff4db22d3e49-200x300.jpg 200w, https:\/\/bykeishaw.com\/wp-content\/uploads\/2026\/01\/z7396293984171_23e1e3bb087b1a2c980aff4db22d3e49-768x1151.jpg 768w, https:\/\/bykeishaw.com\/wp-content\/uploads\/2026\/01\/z7396293984171_23e1e3bb087b1a2c980aff4db22d3e49-416x624.jpg 416w, https:\/\/bykeishaw.com\/wp-content\/uploads\/2026\/01\/z7396293984171_23e1e3bb087b1a2c980aff4db22d3e49.jpg 854w\" sizes=\"auto, (max-width: 683px) 100vw, 683px\" \/><\/figure><div class=\"wp-block-media-text__content\">\n<p><em><sub>Ph\u1ea7n c\u1ed5 \u00e1o b\u1ebb nh\u1eb9 k\u1ebft h\u1ee3p chi ti\u1ebft d\u00e2y bu\u1ed9c ph\u00eda tr\u01b0\u1edbc mang h\u01a1i h\u01b0\u1edbng vintage, t\u1ea1o \u0111i\u1ec3m nh\u1ea5n v\u1eeba \u0111\u1ee7 cho th\u00e2n tr\u00ean. M\u1ea3ng caro \u0111\u01b0\u1ee3c ph\u1ed1i kh\u00e9o l\u00e9o \u1edf ph\u1ea7n ng\u1ef1c, k\u1ebft h\u1ee3p c\u00f9ng th\u00e2n \u00e1o tr\u01a1n gi\u00fap t\u1ed5ng th\u1ec3 c\u00f3 chi\u1ec1u s\u00e2u m\u00e0 kh\u00f4ng b\u1ecb r\u1ed1i m\u1eaft. Phom \u00e1o \u0111\u01b0\u1ee3c x\u1eed l\u00fd \u00f4m s\u00e1t v\u00f2ng eo, t\u1ea1o \u0111\u01b0\u1eddng cong r\u00f5 n\u00e9t v\u00e0 c\u00e2n \u0111\u1ed1i v\u00f3c d\u00e1ng.<\/sub><\/em><\/p>\n\n\n\n<div class=\"wp-block-buttons is-layout-flex wp-block-buttons-is-layout-flex\">\n<div class=\"wp-block-button\"><a class=\"wp-block-button__link wp-element-button\" href=\"https:\/\/bykeishaw.com\/?product=slim-fit-shirt\">BYKEISHAW | SLIM FIT SHIRT<\/a><\/div>\n<\/div>\n<\/div><\/div>\n\n\n\n<div class=\"wp-block-media-text has-media-on-the-right is-stacked-on-mobile\"><div class=\"wp-block-media-text__content\">\n<p><em><sub>Thi\u1ebft k\u1ebf c\u1ed5 vu\u00f4ng k\u1ebft h\u1ee3p tay ph\u1ed3ng ng\u1eafn gi\u00fap t\u00f4n b\u1edd vai v\u00e0 ph\u1ea7n th\u00e2n tr\u00ean, \u0111\u1ed3ng th\u1eddi mang l\u1ea1i c\u1ea3m gi\u00e1c c\u1ed5 \u0111i\u1ec3n \u0111\u1eb7c tr\u01b0ng. Ph\u1ea7n th\u00e2n \u00e1o \u0111\u01b0\u1ee3c x\u1eed l\u00fd chun nh\u00fan v\u1eeba ph\u1ea3i, \u00f4m nh\u1eb9 v\u00f2ng ng\u1ef1c v\u00e0 eo, t\u1ea1o hi\u1ec7u \u1ee9ng thon g\u1ecdn m\u00e0 v\u1eabn \u0111\u1ea3m b\u1ea3o s\u1ef1 tho\u1ea3i m\u00e1i. Chi ti\u1ebft d\u00e2y r\u00fat ph\u00eda tr\u01b0\u1edbc cho ph\u00e9p \u0111i\u1ec1u ch\u1ec9nh \u0111\u1ed9 \u00f4m, \u0111\u1ed3ng th\u1eddi t\u1ea1o \u0111i\u1ec3m nh\u1ea5n m\u1ec1m m\u1ea1i cho thi\u1ebft k\u1ebf.<\/sub><\/em><\/p>\n\n\n\n<div class=\"wp-block-buttons is-layout-flex wp-block-buttons-is-layout-flex\">\n<div class=\"wp-block-button\"><a class=\"wp-block-button__link wp-element-button\" href=\"https:\/\/bykeishaw.com\/?product=daisy-whimsy\">BYKEISHAW | DAISY WHIMSY<\/a><\/div>\n<\/div>\n<\/div><figure class=\"wp-block-media-text__media\"><img loading=\"lazy\" decoding=\"async\" width=\"683\" height=\"1024\" src=\"https:\/\/bykeishaw.com\/wp-content\/uploads\/2026\/01\/z7396314392377_22e9ab947fc0eac3cd04f97a7c355bc0-683x1024.jpg\" alt=\"\" class=\"wp-image-980 size-full\" srcset=\"https:\/\/bykeishaw.com\/wp-content\/uploads\/2026\/01\/z7396314392377_22e9ab947fc0eac3cd04f97a7c355bc0-683x1024.jpg 683w, https:\/\/bykeishaw.com\/wp-content\/uploads\/2026\/01\/z7396314392377_22e9ab947fc0eac3cd04f97a7c355bc0-200x300.jpg 200w, https:\/\/bykeishaw.com\/wp-content\/uploads\/2026\/01\/z7396314392377_22e9ab947fc0eac3cd04f97a7c355bc0-768x1151.jpg 768w, https:\/\/bykeishaw.com\/wp-content\/uploads\/2026\/01\/z7396314392377_22e9ab947fc0eac3cd04f97a7c355bc0-416x624.jpg 416w, https:\/\/bykeishaw.com\/wp-content\/uploads\/2026\/01\/z7396314392377_22e9ab947fc0eac3cd04f97a7c355bc0.jpg 854w\" sizes=\"auto, (max-width: 683px) 100vw, 683px\" \/><\/figure><\/div>\n\n\n\n<div class=\"wp-block-media-text is-stacked-on-mobile\"><figure class=\"wp-block-media-text__media\"><img loading=\"lazy\" decoding=\"async\" width=\"790\" height=\"1024\" src=\"https:\/\/bykeishaw.com\/wp-content\/uploads\/2026\/01\/z7396343827080_1a5dc2064b22ef8a2dec9d8dc563ddf9-790x1024.jpg\" alt=\"\" class=\"wp-image-983 size-full\" srcset=\"https:\/\/bykeishaw.com\/wp-content\/uploads\/2026\/01\/z7396343827080_1a5dc2064b22ef8a2dec9d8dc563ddf9-790x1024.jpg 790w, https:\/\/bykeishaw.com\/wp-content\/uploads\/2026\/01\/z7396343827080_1a5dc2064b22ef8a2dec9d8dc563ddf9-231x300.jpg 231w, https:\/\/bykeishaw.com\/wp-content\/uploads\/2026\/01\/z7396343827080_1a5dc2064b22ef8a2dec9d8dc563ddf9-768x995.jpg 768w, https:\/\/bykeishaw.com\/wp-content\/uploads\/2026\/01\/z7396343827080_1a5dc2064b22ef8a2dec9d8dc563ddf9-416x539.jpg 416w, https:\/\/bykeishaw.com\/wp-content\/uploads\/2026\/01\/z7396343827080_1a5dc2064b22ef8a2dec9d8dc563ddf9.jpg 811w\" sizes=\"auto, (max-width: 790px) 100vw, 790px\" \/><\/figure><div class=\"wp-block-media-text__content\">\n<p><em><sub>Phom \u00e1o \u00f4m v\u1eeba, \u0111\u01b0\u1ee3c x\u1eed l\u00fd \u0111\u01b0\u1eddng may g\u1ecdn g\u00e0ng nh\u1eb1m t\u00f4n d\u00e1ng t\u1ef1 nhi\u00ean m\u00e0 v\u1eabn \u0111\u1ea3m b\u1ea3o s\u1ef1 tho\u1ea3i m\u00e1i khi m\u1eb7c. \u0110i\u1ec3m nh\u1ea5n n\u1eb1m \u1edf chi ti\u1ebft kho\u00e9t gi\u1ecdt n\u01b0\u1edbc ph\u00eda tr\u01b0\u1edbc ng\u1ef1c, t\u1ea1o chi\u1ec1u s\u00e2u cho thi\u1ebft k\u1ebf m\u00e0 kh\u00f4ng qu\u00e1 ph\u00f4 tr\u01b0\u01a1ng. Ph\u1ea7n l\u01b0ng kho\u00e9t nh\u1eb9 k\u1ebft h\u1ee3p d\u00e2y bu\u1ed9c ph\u00eda sau gi\u00fap c\u00e2n b\u1eb1ng t\u1ed5ng th\u1ec3, \u0111\u1ed3ng th\u1eddi t\u0103ng s\u1ef1 m\u1ec1m m\u1ea1i v\u00e0 n\u1eef t\u00ednh cho d\u00e1ng \u00e1o.<\/sub><\/em><\/p>\n\n\n\n<div class=\"wp-block-buttons is-layout-flex wp-block-buttons-is-layout-flex\">\n<div class=\"wp-block-button\"><a class=\"wp-block-button__link wp-element-button\" href=\"https:\/\/bykeishaw.com\/?product=navy-bloom\">BYKEISHAW | NAVY BLOOM<\/a><\/div>\n<\/div>\n<\/div><\/div>\n\n\n\n<div class=\"wp-block-media-text has-media-on-the-right is-stacked-on-mobile\"><div class=\"wp-block-media-text__content\">\n<p><em><sub>Thi\u1ebft k\u1ebf babydoll nh\u1eb9 nh\u00e0ng v\u1edbi form su\u00f4ng d\u1ec5 m\u1eb7c, ph\u1ea7n eo r\u00fat d\u00e2y gi\u00fap t\u00f4n d\u00e1ng, che khuy\u1ebft \u0111i\u1ec3m. H\u1ecda ti\u1ebft cherry si\u00eau d\u1ec5 th\u01b0\u01a1ng ph\u1ed1i c\u00f9ng k\u1ebb s\u1ecdc. M\u00e0u t\u01b0\u01a1i s\u00e1ng, c\u1ef1c h\u1ee3p cho m\u00f9a h\u00e8 n\u0103ng \u0111\u1ed9ng.<\/sub><\/em><\/p>\n\n\n\n<div class=\"wp-block-buttons is-layout-flex wp-block-buttons-is-layout-flex\">\n<div class=\"wp-block-button\"><a class=\"wp-block-button__link wp-element-button\" href=\"https:\/\/bykeishaw.com\/?product=cherry-on-top\">BYKEISHAW | CHERRY ON TOP<\/a><\/div>\n<\/div>\n<\/div><figure class=\"wp-block-media-text__media\"><img loading=\"lazy\" decoding=\"async\" width=\"683\" height=\"1024\" src=\"https:\/\/bykeishaw.com\/wp-content\/uploads\/2026\/01\/z7396367528186_b1bc1b963abe028ce364bdf2ba84b462-683x1024.jpg\" alt=\"\" class=\"wp-image-986 size-full\" srcset=\"https:\/\/bykeishaw.com\/wp-content\/uploads\/2026\/01\/z7396367528186_b1bc1b963abe028ce364bdf2ba84b462-683x1024.jpg 683w, https:\/\/bykeishaw.com\/wp-content\/uploads\/2026\/01\/z7396367528186_b1bc1b963abe028ce364bdf2ba84b462-200x300.jpg 200w, https:\/\/bykeishaw.com\/wp-content\/uploads\/2026\/01\/z7396367528186_b1bc1b963abe028ce364bdf2ba84b462-768x1151.jpg 768w, https:\/\/bykeishaw.com\/wp-content\/uploads\/2026\/01\/z7396367528186_b1bc1b963abe028ce364bdf2ba84b462-416x624.jpg 416w, https:\/\/bykeishaw.com\/wp-content\/uploads\/2026\/01\/z7396367528186_b1bc1b963abe028ce364bdf2ba84b462.jpg 854w\" sizes=\"auto, (max-width: 683px) 100vw, 683px\" \/><\/figure><\/div>\n\n\n\n<div class=\"wp-block-media-text is-stacked-on-mobile\"><figure class=\"wp-block-media-text__media\"><img loading=\"lazy\" decoding=\"async\" width=\"769\" height=\"1024\" src=\"https:\/\/bykeishaw.com\/wp-content\/uploads\/2026\/01\/z7396395673855_ad791e881f010abe5e2a2d1420d862ee-769x1024.jpg\" alt=\"\" class=\"wp-image-987 size-full\" srcset=\"https:\/\/bykeishaw.com\/wp-content\/uploads\/2026\/01\/z7396395673855_ad791e881f010abe5e2a2d1420d862ee-769x1024.jpg 769w, https:\/\/bykeishaw.com\/wp-content\/uploads\/2026\/01\/z7396395673855_ad791e881f010abe5e2a2d1420d862ee-225x300.jpg 225w, https:\/\/bykeishaw.com\/wp-content\/uploads\/2026\/01\/z7396395673855_ad791e881f010abe5e2a2d1420d862ee-768x1023.jpg 768w, https:\/\/bykeishaw.com\/wp-content\/uploads\/2026\/01\/z7396395673855_ad791e881f010abe5e2a2d1420d862ee-416x554.jpg 416w, https:\/\/bykeishaw.com\/wp-content\/uploads\/2026\/01\/z7396395673855_ad791e881f010abe5e2a2d1420d862ee.jpg 961w\" sizes=\"auto, (max-width: 769px) 100vw, 769px\" \/><\/figure><div class=\"wp-block-media-text__content\">\n<p><em><sub>Phong c\u00e1ch: Th\u1eddi th\u01b0\u1ee3ng, d\u1ec5 ph\u1ed1i. L\u00fd t\u01b0\u1edfng cho c\u00e1c ho\u1ea1t \u0111\u1ed9ng h\u00e0ng ng\u00e0y nh\u01b0 \u0111i c\u1ea7u l\u00f4ng, \u0111\u00e1nh golf, chapter, \u0111i l\u00e0m, \u0111i ch\u01a1i, d\u1ea1o ph\u1ed1\u2026 \ud83c\udff8<\/sub><\/em><\/p>\n\n\n\n<div class=\"wp-block-buttons is-layout-flex wp-block-buttons-is-layout-flex\">\n<div class=\"wp-block-button\"><a class=\"wp-block-button__link wp-element-button\" href=\"https:\/\/bykeishaw.com\/?product=polo-caro\">BYKEISHAW | POLO CARO<\/a><\/div>\n<\/div>\n<\/div><\/div>\n\n\n\n<p><\/p>\n","protected":false},"excerpt":{"rendered":"","protected":false},"author":1,"featured_media":0,"parent":0,"menu_order":0,"comment_status":"closed","ping_status":"closed","template":"","meta":{"footnotes":""},"class_list":["post-969","page","type-page","status-publish","hentry"],"_links":{"self":[{"href":"https:\/\/bykeishaw.com\/index.php?rest_route=\/wp\/v2\/pages\/969","targetHints":{"allow":["GET"]}}],"collection":[{"href":"https:\/\/bykeishaw.com\/index.php?rest_route=\/wp\/v2\/pages"}],"about":[{"href":"https:\/\/bykeishaw.com\/index.php?rest_route=\/wp\/v2\/types\/page"}],"author":[{"embeddable":true,"href":"https:\/\/bykeishaw.com\/index.php?rest_route=\/wp\/v2\/users\/1"}],"replies":[{"embeddable":true,"href":"https:\/\/bykeishaw.com\/index.php?rest_route=%2Fwp%2Fv2%2Fcomments&post=969"}],"version-history":[{"count":6,"href":"https:\/\/bykeishaw.com\/index.php?rest_route=\/wp\/v2\/pages\/969\/revisions"}],"predecessor-version":[{"id":995,"href":"https:\/\/bykeishaw.com\/index.php?rest_route=\/wp\/v2\/pages\/969\/revisions\/995"}],"wp:attachment":[{"href":"https:\/\/bykeishaw.com\/index.php?rest_route=%2Fwp%2Fv2%2Fmedia&parent=969"}],"curies":[{"name":"wp","href":"https:\/\/api.w.org\/{rel}","templated":true}]}}