{"id":114,"date":"2026-01-02T12:42:22","date_gmt":"2026-01-02T12:42:22","guid":{"rendered":"https:\/\/bykeishaw.com\/?page_id=114"},"modified":"2026-01-04T07:34:38","modified_gmt":"2026-01-04T07:34:38","slug":"trang-chu","status":"publish","type":"page","link":"https:\/\/bykeishaw.com\/","title":{"rendered":"HOME"},"content":{"rendered":"<div class=\"wp-block-image\">\n<figure class=\"aligncenter size-large is-resized\"><img loading=\"lazy\" decoding=\"async\" width=\"682\" height=\"1024\" src=\"https:\/\/bykeishaw.com\/wp-content\/uploads\/2026\/01\/z7395982535170_04ecdc63497193ba1ebec8f66d160e15-682x1024.jpg\" alt=\"\" class=\"wp-image-960\" style=\"aspect-ratio:0.6660359508041628;width:786px;height:auto\" srcset=\"https:\/\/bykeishaw.com\/wp-content\/uploads\/2026\/01\/z7395982535170_04ecdc63497193ba1ebec8f66d160e15-682x1024.jpg 682w, https:\/\/bykeishaw.com\/wp-content\/uploads\/2026\/01\/z7395982535170_04ecdc63497193ba1ebec8f66d160e15-200x300.jpg 200w, https:\/\/bykeishaw.com\/wp-content\/uploads\/2026\/01\/z7395982535170_04ecdc63497193ba1ebec8f66d160e15-768x1154.jpg 768w, https:\/\/bykeishaw.com\/wp-content\/uploads\/2026\/01\/z7395982535170_04ecdc63497193ba1ebec8f66d160e15-416x625.jpg 416w, https:\/\/bykeishaw.com\/wp-content\/uploads\/2026\/01\/z7395982535170_04ecdc63497193ba1ebec8f66d160e15.jpg 852w\" sizes=\"auto, (max-width: 682px) 100vw, 682px\" \/><\/figure>\n<\/div>\n\n\n<div class=\"wp-block-group alignfull is-content-justification-center\" style=\"margin-top:0;margin-bottom:0;padding-top:calc( 0.5 * var(--wp--style--root--padding-right, var(--wp--custom--gap--horizontal)));padding-right:var(--wp--style--root--padding-right, var(--wp--custom--gap--horizontal));padding-bottom:calc( 0.5 * var(--wp--style--root--padding-right, var(--wp--custom--gap--horizontal)));padding-left:var(--wp--style--root--padding-left, var(--wp--custom--gap--horizontal))\"><div class=\"wp-block-group__inner-container is-layout-constrained wp-container-core-group-is-layout-df757ecc wp-block-group-is-layout-constrained\">\n<div style=\"height:calc( 0.25 * var(--wp--style--root--padding-right, var(--wp--custom--gap--horizontal)))\" aria-hidden=\"true\" class=\"wp-block-spacer\"><\/div>\n\n\n\n<div class=\"wp-block-columns alignwide is-layout-flex wp-container-core-columns-is-layout-28f84493 wp-block-columns-is-layout-flex\">\n<div class=\"wp-block-column is-vertically-aligned-center is-layout-flow wp-block-column-is-layout-flow\">\n<h2 class=\"wp-block-heading\"><strong>\u01afu \u0110\u00e3i H\u00e0ng M\u1edbi V\u1ec1<\/strong><\/h2>\n\n\n\n<h3 class=\"wp-block-heading\" style=\"font-size:48px\">Gi\u1ea3m gi\u00e1 l\u00ean \u0111\u1ebfn 18%<\/h3>\n\n\n\n<p style=\"margin-top:0;margin-right:0;margin-bottom:0;margin-left:0;font-size:24px\">S\u1edf h\u1eefu ngay chi\u1ebfc \u00e1o y\u00eau th\u00edch c\u1ee7a b\u1ea1n v\u1edbi m\u1ee9c gi\u00e1 r\u1ebb k\u1ef7 l\u1ee5c.<\/p>\n\n\n\n<div class=\"wp-block-buttons is-layout-flex wp-container-core-buttons-is-layout-27eaf71a wp-block-buttons-is-layout-flex\" style=\"margin-top:20px;margin-bottom:0\">\n<div class=\"wp-block-button is-style-fill\"><a class=\"wp-block-button__link has-custom-font-size wp-element-button\" href=\"https:\/\/bykeishaw.com\/?product=stella-tie-top\" style=\"border-style:none;border-width:0px;font-size:16px\">Stella Tie Top &#8211; byKEISHAW<\/a><\/div>\n<\/div>\n<\/div>\n\n\n\n<div class=\"wp-block-column is-vertically-aligned-center is-layout-flow wp-block-column-is-layout-flow\">\n<figure class=\"wp-block-gallery has-nested-images columns-default is-cropped wp-block-gallery-1 is-layout-flex wp-block-gallery-is-layout-flex\">\n<figure class=\"wp-block-image size-full is-style-default\"><img loading=\"lazy\" decoding=\"async\" width=\"1079\" height=\"1080\" data-id=\"820\" src=\"https:\/\/bykeishaw.com\/wp-content\/uploads\/2026\/01\/z7390086238831_01327970044ce2a51116eacf8285aea9-1.jpg\" alt=\"\" class=\"wp-image-820\" srcset=\"https:\/\/bykeishaw.com\/wp-content\/uploads\/2026\/01\/z7390086238831_01327970044ce2a51116eacf8285aea9-1.jpg 1079w, https:\/\/bykeishaw.com\/wp-content\/uploads\/2026\/01\/z7390086238831_01327970044ce2a51116eacf8285aea9-1-300x300.jpg 300w, https:\/\/bykeishaw.com\/wp-content\/uploads\/2026\/01\/z7390086238831_01327970044ce2a51116eacf8285aea9-1-1024x1024.jpg 1024w, https:\/\/bykeishaw.com\/wp-content\/uploads\/2026\/01\/z7390086238831_01327970044ce2a51116eacf8285aea9-1-150x150.jpg 150w, https:\/\/bykeishaw.com\/wp-content\/uploads\/2026\/01\/z7390086238831_01327970044ce2a51116eacf8285aea9-1-768x769.jpg 768w, https:\/\/bykeishaw.com\/wp-content\/uploads\/2026\/01\/z7390086238831_01327970044ce2a51116eacf8285aea9-1-324x324.jpg 324w, https:\/\/bykeishaw.com\/wp-content\/uploads\/2026\/01\/z7390086238831_01327970044ce2a51116eacf8285aea9-1-416x416.jpg 416w, https:\/\/bykeishaw.com\/wp-content\/uploads\/2026\/01\/z7390086238831_01327970044ce2a51116eacf8285aea9-1-100x100.jpg 100w, https:\/\/bykeishaw.com\/wp-content\/uploads\/2026\/01\/z7390086238831_01327970044ce2a51116eacf8285aea9-1-50x50.jpg 50w\" sizes=\"auto, (max-width: 1079px) 100vw, 1079px\" \/><\/figure>\n<\/figure>\n<\/div>\n<\/div>\n\n\n\n<div style=\"height:calc( 0.25 * var(--wp--style--root--padding-right, var(--wp--custom--gap--horizontal)))\" aria-hidden=\"true\" class=\"wp-block-spacer\"><\/div>\n<\/div><\/div>\n\n\n\n<details class=\"wp-block-details is-layout-flow wp-block-details-is-layout-flow\"><summary><strong>Th\u00f4ng Tin Li\u00ean H\u1ec7<\/strong><\/summary>\n<p>Instagram: @bykeishaw.vn<br>S\u0110T: 0967 668 980<br>Email: bykeishaw.shop@gmail.com<br><\/p>\n\n\n\n<p>Th\u1eddi gian h\u1ed7 tr\u1ee3:<br>09:00 \u2013 21:00 (T2 \u2013 CN)<\/p>\n\n\n\n<ul class=\"wp-block-social-links is-layout-flex wp-block-social-links-is-layout-flex\"><li class=\"wp-social-link wp-social-link-mail  wp-block-social-link\"><a href=\"mailto:&#098;y&#107;e&#105;s&#104;&#097;&#119;&#046;&#115;&#104;&#111;p&#064;g&#109;a&#105;l&#046;c&#111;m\" class=\"wp-block-social-link-anchor\"><svg width=\"24\" height=\"24\" viewBox=\"0 0 24 24\" version=\"1.1\" xmlns=\"http:\/\/www.w3.org\/2000\/svg\" aria-hidden=\"true\" focusable=\"false\"><path d=\"M19,5H5c-1.1,0-2,.9-2,2v10c0,1.1.9,2,2,2h14c1.1,0,2-.9,2-2V7c0-1.1-.9-2-2-2zm.5,12c0,.3-.2.5-.5.5H5c-.3,0-.5-.2-.5-.5V9.8l7.5,5.6,7.5-5.6V17zm0-9.1L12,13.6,4.5,7.9V7c0-.3.2-.5.5-.5h14c.3,0,.5.2.5.5v.9z\"><\/path><\/svg><span class=\"wp-block-social-link-label screen-reader-text\">Mail<\/span><\/a><\/li>\n\n<li class=\"wp-social-link wp-social-link-tiktok  wp-block-social-link\"><a href=\"https:\/\/www.tiktok.com\/@bykeishaw?_r=1&#038;_t=ZS-92lQco559IP\" class=\"wp-block-social-link-anchor\" target=\"_blank\" rel=\"noopener\"><svg width=\"24\" height=\"24\" viewBox=\"0 0 32 32\" version=\"1.1\" xmlns=\"http:\/\/www.w3.org\/2000\/svg\" aria-hidden=\"true\" focusable=\"false\"><path d=\"M16.708 0.027c1.745-0.027 3.48-0.011 5.213-0.027 0.105 2.041 0.839 4.12 2.333 5.563 1.491 1.479 3.6 2.156 5.652 2.385v5.369c-1.923-0.063-3.855-0.463-5.6-1.291-0.76-0.344-1.468-0.787-2.161-1.24-0.009 3.896 0.016 7.787-0.025 11.667-0.104 1.864-0.719 3.719-1.803 5.255-1.744 2.557-4.771 4.224-7.88 4.276-1.907 0.109-3.812-0.411-5.437-1.369-2.693-1.588-4.588-4.495-4.864-7.615-0.032-0.667-0.043-1.333-0.016-1.984 0.24-2.537 1.495-4.964 3.443-6.615 2.208-1.923 5.301-2.839 8.197-2.297 0.027 1.975-0.052 3.948-0.052 5.923-1.323-0.428-2.869-0.308-4.025 0.495-0.844 0.547-1.485 1.385-1.819 2.333-0.276 0.676-0.197 1.427-0.181 2.145 0.317 2.188 2.421 4.027 4.667 3.828 1.489-0.016 2.916-0.88 3.692-2.145 0.251-0.443 0.532-0.896 0.547-1.417 0.131-2.385 0.079-4.76 0.095-7.145 0.011-5.375-0.016-10.735 0.025-16.093z\" \/><\/svg><span class=\"wp-block-social-link-label screen-reader-text\">TikTok<\/span><\/a><\/li>\n\n\n\n<\/ul>\n<\/details>\n\n\n\n<p><\/p>\n","protected":false},"excerpt":{"rendered":"<p>\u01afu \u0110\u00e3i H\u00e0ng M\u1edbi V\u1ec1 Gi\u1ea3m gi\u00e1 l\u00ean \u0111\u1ebfn 18% S\u1edf h\u1eefu ngay chi\u1ebfc \u00e1o y\u00eau th\u00edch c\u1ee7a b\u1ea1n v\u1edbi m\u1ee9c gi\u00e1 r\u1ebb k\u1ef7 l\u1ee5c.<\/p>\n","protected":false},"author":1,"featured_media":0,"parent":0,"menu_order":0,"comment_status":"closed","ping_status":"closed","template":"template-fullwidth.php","meta":{"footnotes":""},"class_list":["post-114","page","type-page","status-publish","hentry"],"_links":{"self":[{"href":"https:\/\/bykeishaw.com\/index.php?rest_route=\/wp\/v2\/pages\/114","targetHints":{"allow":["GET"]}}],"collection":[{"href":"https:\/\/bykeishaw.com\/index.php?rest_route=\/wp\/v2\/pages"}],"about":[{"href":"https:\/\/bykeishaw.com\/index.php?rest_route=\/wp\/v2\/types\/page"}],"author":[{"embeddable":true,"href":"https:\/\/bykeishaw.com\/index.php?rest_route=\/wp\/v2\/users\/1"}],"replies":[{"embeddable":true,"href":"https:\/\/bykeishaw.com\/index.php?rest_route=%2Fwp%2Fv2%2Fcomments&post=114"}],"version-history":[{"count":24,"href":"https:\/\/bykeishaw.com\/index.php?rest_route=\/wp\/v2\/pages\/114\/revisions"}],"predecessor-version":[{"id":963,"href":"https:\/\/bykeishaw.com\/index.php?rest_route=\/wp\/v2\/pages\/114\/revisions\/963"}],"wp:attachment":[{"href":"https:\/\/bykeishaw.com\/index.php?rest_route=%2Fwp%2Fv2%2Fmedia&parent=114"}],"curies":[{"name":"wp","href":"https:\/\/api.w.org\/{rel}","templated":true}]}}